{"id":1170,"date":"2025-12-09T03:22:17","date_gmt":"2025-12-09T03:22:17","guid":{"rendered":"https:\/\/flowden.net\/?page_id=1170"},"modified":"2025-12-29T12:58:54","modified_gmt":"2025-12-29T12:58:54","slug":"ns","status":"publish","type":"page","link":"https:\/\/flowden.net\/en_us\/ns\/","title":{"rendered":"Company"},"content":{"rendered":"<div class=\"wp-block-group is-layout-constrained wp-block-group-is-layout-constrained\">\n<!DOCTYPE html>\n<html lang=\"es\">\n<head>\n    <meta charset=\"UTF-8\">\n    <meta name=\"viewport\" content=\"width=device-width, initial-scale=1.0\">\n    <title>Flowden Consulting &#8211; Comparativa de Servicios<\/title>\n    <script src=\"\/_sdk\/element_sdk.js\"><\/script>\n    <link href=\"https:\/\/fonts.googleapis.com\/css2?family=Inter:wght@300;400;500;600;700&amp;family=Playfair+Display:wght=600;700&amp;display=swap\" rel=\"stylesheet\">\n    <style>\n        \/* Estilos base y tipograf\u00eda *\/\n        body {\n            box-sizing: border-box;\n            margin: 0;\n            padding: 0;\n            font-family: 'Inter', -apple-system, BlinkMacSystemFont, 'Segoe UI', sans-serif;\n            min-height: 100vh;\n            width: 100%;\n        }\n\n        * {\n            box-sizing: border-box;\n        }\n\n        \/* Contenedor principal y fondo *\/\n        .main-wrapper {\n            width: 100%;\n            min-height: 100%;\n            padding: 4rem 2rem;\n            \/* Fondo ajustado al color degradado de la imagen *\/\n            background: linear-gradient(135deg, #0a1628 0%, #0FA9B5 100%); \n        }\n\n        .content-container {\n            max-width: 1400px;\n            margin: 0 auto;\n        }\n\n        \/* Encabezado *\/\n        .header-section {\n            text-align: center;\n            margin-bottom: 4rem;\n        }\n\n        .company-name {\n            font-size: 0.9rem;\n            letter-spacing: 3px;\n            text-transform: uppercase;\n            \/* Color claro para el nombre de la empresa\/t\u00edtulo secundario *\/\n            color: #90EEF5; \n            font-weight: 500;\n            margin-bottom: 1rem;\n        }\n\n        .main-title {\n            font-family: 'Segoe UI', serif;\n            font-size: 3rem;\n            font-weight: 700;\n            color: #ffffff;\n            margin: 0 0 1rem 0;\n            line-height: 1.2;\n        }\n\n        .subtitle {\n            font-size: 3rem;\n            \/* Este es el \"Soluciones empresariales...\" de la imagen. Cambiado el color para que destaque *\/\n            color: #FFCC29; \n            font-weight: 300;\n            margin: 0;\n        }\n\n        \/* Grid de comparaci\u00f3n de servicios *\/\n        .comparison-grid {\n            display: grid;\n            grid-template-columns: repeat(auto-fit, minmax(320px, 1fr));\n            gap: 3rem;\n            margin-top: 3rem;\n        }\n        \n        \/* Tarjetas de servicio *\/\n        .service-card {\n            background: rgba(15, 169, 181, 0.1); \n            backdrop-filter: blur(5px);\n            border-radius: 20px;\n            \/* Padding inferior para elevar visualmente las tarjetas y dejar espacio al bot\u00f3n central *\/\n            padding: 3rem 2.5rem 6rem 2.5rem; \n            border: 1px solid rgba(255, 255, 255, 0.1);\n            transition: all 0.3s ease;\n            position: relative;\n            overflow: hidden;\n        }\n        \n        \/* Estilos de la l\u00ednea superior (borde) *\/\n        .service-card::before {\n            content: '';\n            position: absolute;\n            top: 0;\n            left: 0;\n            right: 0;\n            height: 4px;\n            background: #90EEF5; \n        }\n\n        .service-card.premium::before {\n            background: #FFCC29; \n        }\n        \n        .service-card:hover {\n            transform: translateY(-8px);\n            border-color: rgba(255, 255, 255, 0.2);\n            box-shadow: 0 20px 60px rgba(0, 0, 0, 0.4);\n        }\n\n        \/* Insignia \/ Badge *\/\n        .card-badge {\n            display: inline-block;\n            font-size: 0.75rem;\n            letter-spacing: 2px;\n            text-transform: uppercase;\n            padding: 0.5rem 1rem;\n            border-radius: 20px;\n            margin-bottom: 1.5rem;\n            font-weight: 600;\n            background: rgba(144, 238, 245, 0.2); \n            color: #90EEF5;\n        }\n\n        .service-card.premium .card-badge {\n            background: rgba(255, 204, 41, 0.2); \n            color: #FFCC29;\n        }\n\n        \/* T\u00edtulos y Subt\u00edtulos de las tarjetas *\/\n        .card-title {\n            font-family: 'Playfair Display', serif;\n            font-size: 2.5rem;\n            font-weight: 700;\n            color: #FEFEFE;\n            margin: 0 0 0.5rem 0;\n        }\n\n        .card-subtitle {\n            font-size: 1rem;\n            color: #a0aec0;\n            margin: 0 0 2.5rem 0;\n            font-weight: 300;\n        }\n\n        \/* Lista de caracter\u00edsticas *\/\n        .features-list {\n            list-style: none;\n            padding: 0;\n            margin: 0;\n        }\n\n        .feature-item {\n            display: flex;\n            align-items: flex-start;\n            gap: 1rem;\n            margin-bottom: 1.5rem;\n            font-size: 1rem;\n            color: #e2e8f0;\n            line-height: 1.6;\n        }\n\n        .feature-icon {\n            flex-shrink: 0;\n            width: 24px;\n            height: 24px;\n            margin-top: 2px;\n        }\n\n        \/* Iconos de check ajustados a los colores *\/\n        .service-card:not(.premium) .feature-icon {\n            stroke: #90EEF5; \n        }\n\n        .service-card.premium .feature-icon {\n            stroke: #FFCC29;\n        }\n\n\n        \/* Estilos para el bot\u00f3n de contacto centrado *\/\n        .contact-button-container {\n            text-align: center;\n            \/* Centra el bot\u00f3n entre las dos tarjetas en el dise\u00f1o visual *\/\n            margin-top: -3rem; \n            padding-top: 3rem;\n            position: relative;\n            z-index: 10;\n        }\n        \n        .cta-button-centered {\n            width: 300px;\n            max-width: 90%;\n            padding: 1.25rem 2rem;\n            border: none;\n            border-radius: 12px;\n            font-size: 1rem;\n            font-weight: 600;\n            text-transform: uppercase;\n            letter-spacing: 1px;\n            cursor: pointer;\n            transition: all 0.3s ease;\n            margin-top: 2rem;\n            \n            \/* Estilo de fondo azul\/verde oscuro, similar al de la imagen *\/\n            background: linear-gradient(135deg, #05727A, #0FA9B5); \n            color: #ffffff;\n            box-shadow: 0 10px 30px rgba(0, 0, 0, 0.5); \n        }\n\n        .cta-button-centered:hover {\n            background: linear-gradient(135deg, #0B929C, #0B929C);\n            transform: translateY(-2px);\n            box-shadow: 0 15px 40px rgba(15, 169, 181, 0.6);\n        }\n        \n        \/* Media Queries (ajustes de dise\u00f1o responsive) *\/\n        @media (max-width: 768px) {\n            .main-wrapper {\n                padding: 3rem 1.5rem;\n            }\n\n            .main-title {\n                font-size: 2.5rem;\n            }\n\n            .subtitle {\n                font-size: 1rem;\n            }\n\n            .comparison-grid {\n                gap: 2rem;\n            }\n\n            .service-card {\n                padding: 2.5rem 2rem 5rem 2rem; \n            }\n\n            .card-title {\n                font-size: 2rem;\n            }\n            \n            .contact-button-container {\n                margin-top: 2rem; \n            }\n        }\n    <\/style>\n<\/head>\n<body>\n    <div class=\"main-wrapper\">\n        <div class=\"content-container\">\n            <header class=\"header-section\">\n                <h1 class=\"main-title\" id=\"mainTitle\">Flowden Consulting<\/h1>\n                <p class=\"subtitle\" id=\"subtitle\">Our Services \u2013 Companies<\/p>\n                <p class=\"subtitle\" style=\"font-size: 2rem; color: #a0aec0;\">Tailored Selection Solutions for Your Success<\/p>\n            <\/header>\n            \n            <div class=\"comparison-grid\">\n                <article class=\"service-card\">\n                    <span class=\"card-badge\">ESSENTIAL<\/span>\n                    <h2 class=\"card-title\" id=\"flexibleTitle\">Flexible Pack<\/h2>\n                    <p class=\"card-subtitle\" id=\"flexibleSubtitle\">Agile, focused and high-quality selection process\n                    <ul class=\"features-list\">\n                        <li class=\"feature-item\">\n                            <svg class=\"feature-icon\" viewbox=\"0 0 24 24\" fill=\"none\" stroke=\"#90EEF5\" stroke-width=\"2.5\"><path d=\"M20 6L9 17l-5-5\"><\/path><\/svg>\n                            <span>Specific processes or well-defined roles<\/span>\n                        <\/li>\n                        <li class=\"feature-item\">\n                            <svg class=\"feature-icon\" viewbox=\"0 0 24 24\" fill=\"none\" stroke=\"#90EEF5\" stroke-width=\"2.5\"><path d=\"M20 6L9 17l-5-5\"><\/path><\/svg>\n                            <span>National and International<\/span>\n                        <\/li>\n                        <li class=\"feature-item\">\n                            <svg class=\"feature-icon\" viewbox=\"0 0 24 24\" fill=\"none\" stroke=\"#90EEF5\" stroke-width=\"2.5\"><path d=\"M20 6L9 17l-5-5\"><\/path><\/svg>\n                            <span>Faster coverage, shorter processes<\/span>\n                        <\/li>\n                        <li class=\"feature-item\">\n                            <svg class=\"feature-icon\" viewbox=\"0 0 24 24\" fill=\"none\" stroke=\"#90EEF5\" stroke-width=\"2.5\"><path d=\"M20 6L9 17l-5-5\"><\/path><\/svg>\n                            <span>Reports focused on specific profile and need<\/span>\n                        <\/li>\n                        <li class=\"feature-item\">\n                            <svg class=\"feature-icon\" viewbox=\"0 0 24 24\" fill=\"none\" stroke=\"#90EEF5\" stroke-width=\"2.5\"><path d=\"M20 6L9 17l-5-5\"><\/path><\/svg>\n                            <span>Flexibility and operational efficiency<\/span>\n                        <\/li>\n                        <li class=\"feature-item\">\n                            <svg class=\"feature-icon\" viewbox=\"0 0 24 24\" fill=\"none\" stroke=\"#90EEF5\" stroke-width=\"2.5\"><path d=\"M20 6L9 17l-5-5\"><\/path><\/svg>\n                            <span>Speed \u200b\u200band adaptability for immediate decisions<\/span>\n <\/li>\n                        <li class=\"feature-item\">\n                            <svg class=\"feature-icon\" viewbox=\"0 0 24 24\" fill=\"none\" stroke=\"#90EEF5\" stroke-width=\"2.5\"><path d=\"M20 6L9 17l-5-5\"><\/path><\/svg>\n                            <span>Ideal for specific processes and immediate decisions<\/span>\n                        <\/li>\n                    <\/ul>\n                <\/article>\n\n                <article class=\"service-card premium\">\n                    <span class=\"card-badge\">EXCLUSIVE<\/span>\n                    <h2 class=\"card-title\" id=\"premiumTitle\">Premium Pack<\/h2>\n                    <p class=\"card-subtitle\" id=\"premiumSubtitle\">Comprehensive strategic selection with exclusive experience<\/p>\n                    <ul class=\"features-list\">\n                        <li class=\"feature-item\">\n                            <svg class=\"feature-icon\" viewbox=\"0 0 24 24\" fill=\"none\" stroke=\"#FFCC29\" stroke-width=\"2.5\"><path d=\"M20 6L9 17l-5-5\"><\/path><\/svg>\n                            <span>Critical, strategic, or high-impact selections<\/span>\n                        <\/li>\n                        <li class=\"feature-item\">\n                            <svg class=\"feature-icon\" viewbox=\"0 0 24 24\" fill=\"none\" stroke=\"#FFCC29\" stroke-width=\"2.5\"><path d=\"M20 6L9 17l-5-5\"><\/path><\/svg>\n                            <span>National and International<\/span>\n                        <\/li>\n                        <li class=\"feature-item\">\n                            <svg class=\"feature-icon\" viewbox=\"0 0 24 24\" fill=\"none\" stroke=\"#FFCC29\" stroke-width=\"2.5\"><path d=\"M20 6L9 17l-5-5\"><\/path><\/svg>\n                            <span>Complex processes, comprehensive strategic search<\/span>\n                        <\/li>\n                        <li class=\"feature-item\">\n                            <svg class=\"feature-icon\" viewbox=\"0 0 24 24\" fill=\"none\" stroke=\"#FFCC29\" stroke-width=\"2.5\"><path d=\"M20 6L9 17l-5-5\"><\/path><\/svg>\n                            <span>Detailed strategic reports<\/span>\n                        <\/li>\n                        <li class=\"feature-item\">\n                            <svg class=\"feature-icon\" viewbox=\"0 0 24 24\" fill=\"none\" stroke=\"#FFCC29\" stroke-width=\"2.5\"><path d=\"M20 6L9 17l-5-5\"><\/path><\/svg>\n                            <span>Total optimization and guaranteed quality<\/span>\n                        <\/li>\n                        <li class=\"feature-item\">\n                            <svg class=\"feature-icon\" viewbox=\"0 0 24 24\" fill=\"none\" stroke=\"#FFCC29\" stroke-width=\"2.5\"><path d=\"M20 6L9 17l-5-5\"><\/path><\/svg>\n                            <span>Strategic impact and comprehensive vision<\/span>\n                        <\/li>\n                        <li class=\"feature-item\">\n                            <svg class=\"feature-icon\" viewbox=\"0 0 24 24\" fill=\"none\" stroke=\"#FFCC29\" stroke-width=\"2.5\"><path d=\"M20 6L9 17l-5-5\"><\/path><\/svg>\n                            <span>Strategic approach to critical, high-impact decisions<\/span>\n                        <\/li>\n                    <\/ul>\n                <\/article>\n            <\/div>\n            \n            <div class=\"contact-button-container\">\n                <a href=\"https:\/\/wa.me\/+34644357733\" target=\"_blank\">\n                    <button class=\"cta-button-centered\">CONTACT<\/button>\n                <\/a>\n            <\/div>\n\n        <\/div>\n    <\/div>\n<\/body>\n<\/html>\n<\/div>","protected":false},"excerpt":{"rendered":"<p>Flowden Consulting &#8211; Comparativa de Servicios Flowden Consulting Nuestros Servicios \u2013 Empresas Soluciones de Selecci\u00f3n a medida para tu \u00e9xito ESENCIAL Pack Flexible Proceso de selecci\u00f3n \u00e1gil, enfocado y de alta calidad Procesos puntuales o roles bien definidos Nacional e Internacional Cobertura r\u00e1pida, procesos m\u00e1s cortos Informes enfocados en perfil y necesidad espec\u00edfica Flexibilidad y [&hellip;]<\/p>","protected":false},"author":1,"featured_media":0,"parent":0,"menu_order":0,"comment_status":"closed","ping_status":"closed","template":"","meta":{"footnotes":""},"class_list":["post-1170","page","type-page","status-publish","hentry"],"blocksy_meta":[],"_hostinger_reach_plugin_has_subscription_block":false,"_hostinger_reach_plugin_is_elementor":false,"amp_enabled":true,"_links":{"self":[{"href":"https:\/\/flowden.net\/en_us\/wp-json\/wp\/v2\/pages\/1170","targetHints":{"allow":["GET"]}}],"collection":[{"href":"https:\/\/flowden.net\/en_us\/wp-json\/wp\/v2\/pages"}],"about":[{"href":"https:\/\/flowden.net\/en_us\/wp-json\/wp\/v2\/types\/page"}],"author":[{"embeddable":true,"href":"https:\/\/flowden.net\/en_us\/wp-json\/wp\/v2\/users\/1"}],"replies":[{"embeddable":true,"href":"https:\/\/flowden.net\/en_us\/wp-json\/wp\/v2\/comments?post=1170"}],"version-history":[{"count":82,"href":"https:\/\/flowden.net\/en_us\/wp-json\/wp\/v2\/pages\/1170\/revisions"}],"predecessor-version":[{"id":1603,"href":"https:\/\/flowden.net\/en_us\/wp-json\/wp\/v2\/pages\/1170\/revisions\/1603"}],"wp:attachment":[{"href":"https:\/\/flowden.net\/en_us\/wp-json\/wp\/v2\/media?parent=1170"}],"curies":[{"name":"wp","href":"https:\/\/api.w.org\/{rel}","templated":true}]}}